{"id":449,"date":"2019-01-22T13:36:09","date_gmt":"2019-01-22T13:36:09","guid":{"rendered":"http:\/\/demo.slusalek.de\/?page_id=449"},"modified":"2019-01-28T09:52:32","modified_gmt":"2019-01-28T09:52:32","slug":"containerdienst","status":"publish","type":"page","link":"https:\/\/freudenberger-containerdienst.de\/index.php\/containerdienst\/","title":{"rendered":"Containerdienst"},"content":{"rendered":"<div id=\"pl-449\"  class=\"panel-layout\" ><div id=\"pg-449-0\"  class=\"panel-grid panel-has-style\" ><div class=\"siteorigin-panels-stretch panel-row-style panel-row-style-for-449-0\" data-stretch-type=\"full-stretched\" ><div id=\"pgc-449-0-0\"  class=\"panel-grid-cell panel-grid-cell-empty\" ><\/div><\/div><\/div><div id=\"pg-449-1\"  class=\"panel-grid panel-has-style\" ><div class=\"panel-row-style panel-row-style-for-449-1\" ><div id=\"pgc-449-1-0\"  class=\"panel-grid-cell\" ><div id=\"panel-449-1-0-0\" class=\"so-panel widget widget_text panel-first-child\" data-index=\"0\" >\t\t\t<div class=\"textwidget\"><h3><strong>Container f\u00fcr jeden Zweck und Abfall<\/strong><\/h3>\n<p>&nbsp;<\/p>\n<p>Wir stellen Absetzmulden in verschiedenen Gr\u00f6\u00dfen f\u00fcr die Entsorgung Ihrer privaten oder gewerblichen Abf\u00e4lle zur Verf\u00fcgung. Beispielsweise f\u00fcr die Entsorgung von:<\/p>\n<p>Baumischabfall, Gewerbeabfall, Haushaltsaufl\u00f6sungen, Entr\u00fcmpelung, Abbrucharbeiten, Bauschutt, Altholz, Papier\/Pappe\/Kartonagen, Bodenaushub, Gartenabfall, Altmetall usw.<\/p>\n<\/div>\n\t\t<\/div><div id=\"panel-449-1-0-1\" class=\"so-panel widget widget_text panel-last-child\" data-index=\"1\" >\t\t\t<div class=\"textwidget\">\n<table id=\"tablepress-1\" class=\"tablepress tablepress-id-1\">\n<thead>\n<tr class=\"row-1\">\n\t<th class=\"column-1\">Volumen<\/th><th class=\"column-2\"> L\u00e4nge          <\/th><th class=\"column-3\">Breite  <\/th><th class=\"column-4\">H\u00f6he<\/th>\n<\/tr>\n<\/thead>\n<tbody class=\"row-striping row-hover\">\n<tr class=\"row-2\">\n\t<td class=\"column-1\">  5 cbm              <\/td><td class=\"column-2\">3,00             <\/td><td class=\"column-3\">1,80            <\/td><td class=\"column-4\">1,25<\/td>\n<\/tr>\n<tr class=\"row-3\">\n\t<td class=\"column-1\">  7 cbm              <\/td><td class=\"column-2\">3,50 <\/td><td class=\"column-3\">1,80            <\/td><td class=\"column-4\">1,45<\/td>\n<\/tr>\n<tr class=\"row-4\">\n\t<td class=\"column-1\">10 cbm              <\/td><td class=\"column-2\">4,00             <\/td><td class=\"column-3\">1,80            <\/td><td class=\"column-4\">1,75<\/td>\n<\/tr>\n<\/tbody>\n<\/table>\n<!-- #tablepress-1 from cache -->\n<\/div>\n\t\t<\/div><\/div><\/div><\/div><div id=\"pg-449-2\"  class=\"panel-grid panel-no-style\" ><div id=\"pgc-449-2-0\"  class=\"panel-grid-cell\" ><div id=\"panel-449-2-0-0\" class=\"so-panel widget widget_text panel-first-child\" data-index=\"2\" >\t\t\t<div class=\"textwidget\"><p>Auf\u00a0 Nachfrage auch andere Gr\u00f6\u00dfen sowie Container mit Deckel oder hinterer Klappe zum Befahren.<\/p>\n<\/div>\n\t\t<\/div><div id=\"panel-449-2-0-1\" class=\"so-panel widget widget_text panel-last-child\" data-index=\"3\" >\t\t\t<div class=\"textwidget\"><h3><strong>Was darf in den Container ?<\/strong><\/h3>\n<p><strong>\u00a0<\/strong><\/p>\n<p>Die richtige Beladung des Containers spart Kosten und schont gleichzeitig die Umwelt. Daher finden Sie hier die g\u00e4ngigsten Abfallarten und dazugeh\u00f6rige Beladehinweise. Bei Fragen stehen wir Ihnen gerne zur Verf\u00fcgung.<\/p>\n<\/div>\n\t\t<\/div><\/div><\/div><div id=\"pg-449-3\"  class=\"panel-grid panel-no-style\" ><div id=\"pgc-449-3-0\"  class=\"panel-grid-cell\" ><div id=\"panel-449-3-0-0\" class=\"so-panel widget widget_sow-editor panel-first-child panel-last-child\" data-index=\"4\" ><div\n\t\t\t\n\t\t\tclass=\"so-widget-sow-editor so-widget-sow-editor-base\"\n\t\t\t\n\t\t>\n<div class=\"siteorigin-widget-tinymce textwidget\">\n\t\n<div class=\"panel-group kt-accordion\" id=\"accordionname464\"><div class=\"panel panel-default panel-even\"><div class=\"panel-heading\"><a class=\"accordion-toggle collapsed\" data-toggle=\"collapse\" data-parent=\"#accordionname464\" href=\"#collapse4640\"><h5><i class=\"icon-minus kt-icon-minus primary-color\"><\/i><i class=\"icon-plus kt-icon-plus\"><\/i><strong>Baumischabfall <\/strong>bei Bau- oder Renovierungsarbeiten anfallende Stoffe<\/h5><\/a><\/div><div id=\"collapse4640\" class=\"panel-collapse collapse \"><div class=\"panel-body postclass\"><\/p>\n<p><strong>Darf rein:<\/strong><\/p>\n<ul>\n<li>Holz<\/li>\n<li>Kunststoff<\/li>\n<li>Bauschutt<\/li>\n<li>Glas<\/li>\n<li>Folien<\/li>\n<li>Metall<\/li>\n<li>Gips<\/li>\n<li>Gipskarton<\/li>\n<li>Fu\u00dfbodenbel\u00e4ge<\/li>\n<li>Fenster und T\u00fcren<\/li>\n<li>Verpackungen<\/li>\n<li>bitumengetr\u00e4nkte Dachpappe<\/li>\n<\/ul>\n<p><strong>Darf nicht rein:<\/strong><\/p>\n<ul>\n<li>Sonderabf\u00e4lle<\/li>\n<li>Farben und Lacke<\/li>\n<li>Glaswolle<\/li>\n<li>asbesthaltige Baustoffe (Kunstschiefer oder Eternitplatten)<\/li>\n<li>Batterien<\/li>\n<\/ul>\n<p><\/div><\/div><\/div>\n<div class=\"panel panel-default panel-odd\"><div class=\"panel-heading\"><a class=\"accordion-toggle collapsed\" data-toggle=\"collapse\" data-parent=\"#accordionname464\" href=\"#collapse4641\"><h5><i class=\"icon-minus kt-icon-minus primary-color\"><\/i><i class=\"icon-plus kt-icon-plus\"><\/i><strong>Bauschutt <\/strong>ausschlie\u00dflich mineralische Stoffe<\/h5><\/a><\/div><div id=\"collapse4641\" class=\"panel-collapse collapse \"><div class=\"panel-body postclass\"><\/p>\n<p><strong>Darf rein:<\/strong><\/p>\n<ul>\n<li>Ziegelsteine<\/li>\n<li>Hohlblocksteine<\/li>\n<li>Beton<\/li>\n<li>Stahlbeton<\/li>\n<li>Pflastersteine<\/li>\n<li>Estrich<\/li>\n<li>Fliesen<\/li>\n<li>Keramik<\/li>\n<li>Dachziegel<\/li>\n<li>Naturschiefer<\/li>\n<li>Asphalt<\/li>\n<li>Zement, M\u00f6rtel oder Putz<\/li>\n<\/ul>\n<p><strong>\u00a0<\/strong><strong>Darf nicht rein:<\/strong><\/p>\n<ul>\n<li>Holz<\/li>\n<li>Kunststoff<\/li>\n<li>Glas<\/li>\n<li>Rigips<\/li>\n<\/ul>\n<ul>\n<li>Styropor<\/li>\n<li>Folie<\/li>\n<li>Papier\/Pappe<\/li>\n<\/ul>\n<ul>\n<li>Metalle<\/li>\n<\/ul>\n<p><\/div><\/div><\/div>\n<div class=\"panel panel-default panel-even\"><div class=\"panel-heading\"><a class=\"accordion-toggle collapsed\" data-toggle=\"collapse\" data-parent=\"#accordionname464\" href=\"#collapse4642\"><h5><i class=\"icon-minus kt-icon-minus primary-color\"><\/i><i class=\"icon-plus kt-icon-plus\"><\/i><strong>Holz AI-AIII  (unbehandelt und behandelt) <\/strong>naturbelassenes sowie auch Holz das verleimt, beschichtet, gestrichen oder lackiert ist. Schrauben, N\u00e4gel oder Scharniere m\u00fcssen nicht entfernt werden.<\/h5><\/a><\/div><div id=\"collapse4642\" class=\"panel-collapse collapse \"><div class=\"panel-body postclass\"><\/p>\n<p><strong>Darf rein:<\/strong><\/p>\n<ul>\n<li>Paletten<\/li>\n<li>Verpackungsholz<\/li>\n<li>Bretter oder Balken<\/li>\n<li>Spanplatten<\/li>\n<li>Sperrholz<\/li>\n<li>Innent\u00fcren und Zargen<\/li>\n<li>M\u00f6belholz<\/li>\n<\/ul>\n<p><strong>\u00a0<\/strong><strong>Darf nicht rein:<\/strong><\/p>\n<ul>\n<li>Holz aus dem Au\u00dfenbereich und mit Holzschutzmittel behandelt<\/li>\n<li>Fenster und Fensterrahmen<\/li>\n<li>impr\u00e4gnierte Dachlatten<\/li>\n<li>Brandholz<\/li>\n<li>Stammholz<\/li>\n<\/ul>\n<p><\/div><\/div><\/div>\n<div class=\"panel panel-default panel-odd\"><div class=\"panel-heading\"><a class=\"accordion-toggle collapsed\" data-toggle=\"collapse\" data-parent=\"#accordionname464\" href=\"#collapse4643\"><h5><i class=\"icon-minus kt-icon-minus primary-color\"><\/i><i class=\"icon-plus kt-icon-plus\"><\/i><strong>Holz AIV <\/strong>Holz aus dem Au\u00dfenbereich<\/h5><\/a><\/div><div id=\"collapse4643\" class=\"panel-collapse collapse \"><div class=\"panel-body postclass\"><\/p>\n<p><strong>Darf rein:<\/strong><\/p>\n<ul>\n<li>J\u00e4gerz\u00e4une<\/li>\n<li>Palisaden<\/li>\n<li>Fenster<\/li>\n<li>Brandholz<\/li>\n<li>impr\u00e4gniertes Holz<\/li>\n<li>Au\u00dfent\u00fcren<\/li>\n<\/ul>\n<p><strong>Darf nicht rein:<\/strong><\/p>\n<ul>\n<li>Kunststoff<\/li>\n<li>Bauschutt<\/li>\n<li>Folien<\/li>\n<li>Gipskarton<\/li>\n<li>Verpackungen<\/li>\n<\/ul>\n<p><\/div><\/div><\/div>\n<div class=\"panel panel-default panel-even\"><div class=\"panel-heading\"><a class=\"accordion-toggle collapsed\" data-toggle=\"collapse\" data-parent=\"#accordionname464\" href=\"#collapse4644\"><h5><i class=\"icon-minus kt-icon-minus primary-color\"><\/i><i class=\"icon-plus kt-icon-plus\"><\/i><strong>Gr\u00fcnabf\u00e4lle <\/strong>kompostierbare Stoffe  pflanzlicher Herkunft<\/h5><\/a><\/div><div id=\"collapse4644\" class=\"panel-collapse collapse \"><div class=\"panel-body postclass\"><\/p>\n<p><strong>Darf rein:<\/strong><\/p>\n<ul>\n<li>Gr\u00fcnschnitt<\/li>\n<li>Astwerk<\/li>\n<li>Grasschnitt<\/li>\n<li>Laub<\/li>\n<li>Stammholz<\/li>\n<li>Wurzeln<\/li>\n<\/ul>\n<p><strong>Darf nicht rein:<\/strong><\/p>\n<ul>\n<li>Holz<\/li>\n<li>Kunststoff<\/li>\n<li>Bauschutt<\/li>\n<li>Glas<\/li>\n<li>Folien<\/li>\n<li>Metall<\/li>\n<\/ul>\n<p><\/div><\/div><\/div>\n<div class=\"panel panel-default panel-odd\"><div class=\"panel-heading\"><a class=\"accordion-toggle collapsed\" data-toggle=\"collapse\" data-parent=\"#accordionname464\" href=\"#collapse4645\"><h5><i class=\"icon-minus kt-icon-minus primary-color\"><\/i><i class=\"icon-plus kt-icon-plus\"><\/i><strong>Erdaushub <\/strong>unbelasteter Bodenaushub der Deponieklasse Z0 ohne Bauschutt<\/h5><\/a><\/div><div id=\"collapse4645\" class=\"panel-collapse collapse \"><div class=\"panel-body postclass\"><\/p>\n<p><strong>Darf rein:<\/strong><\/p>\n<ul>\n<li>Boden<\/li>\n<li>Lehm<\/li>\n<li>Grasnarbe<\/li>\n<\/ul>\n<p><strong>\u00a0<\/strong><strong>Darf nicht rein:<\/strong><\/p>\n<ul>\n<li>belasteter Boden<\/li>\n<li>Erde-Bauschutt-Gemisch<\/li>\n<li>Wurzeln<\/li>\n<\/ul>\n<p><\/div><\/div><\/div>\n<div class=\"panel panel-default panel-even\"><div class=\"panel-heading\"><a class=\"accordion-toggle collapsed\" data-toggle=\"collapse\" data-parent=\"#accordionname464\" href=\"#collapse4646\"><h5><i class=\"icon-minus kt-icon-minus primary-color\"><\/i><i class=\"icon-plus kt-icon-plus\"><\/i><strong>Papier\/Pappe <\/strong>Abf\u00e4lle aus Papier und Pappe ohne Fremdstoffe<\/h5><\/a><\/div><div id=\"collapse4646\" class=\"panel-collapse collapse \"><div class=\"panel-body postclass\"><\/p>\n<p><strong>Darf rein:<\/strong><\/p>\n<ul>\n<li>Zeitungen<\/li>\n<li>Kartonagen<\/li>\n<li>Verpackungen<\/li>\n<li>B\u00fccher<\/li>\n<\/ul>\n<p><strong>\u00a0<\/strong><strong>Darf nicht rein:<\/strong><\/p>\n<ul>\n<li>Tapeten<\/li>\n<li>Aktenordner<\/li>\n<li>Folienh\u00fcllen<\/li>\n<li>Kartonagen gef\u00fcllt mit anderen Materialien<\/li>\n<li>B\u00fccher mit Kunststoff- oder Ledereinband<\/li>\n<\/ul>\n<p><\/div><\/div><\/div><\/div>\n\n<\/div>\n<\/div><\/div><\/div><\/div><div id=\"pg-449-4\"  class=\"panel-grid panel-no-style\" ><div id=\"pgc-449-4-0\"  class=\"panel-grid-cell panel-grid-cell-empty\" ><\/div><\/div><\/div>","protected":false},"excerpt":{"rendered":"<p>Container f\u00fcr jeden Zweck und Abfall &nbsp; Wir stellen Absetzmulden in verschiedenen Gr\u00f6\u00dfen f\u00fcr die Entsorgung Ihrer privaten oder gewerblichen Abf\u00e4lle zur Verf\u00fcgung. Beispielsweise f\u00fcr die Entsorgung von: Baumischabfall, Gewerbeabfall, Haushaltsaufl\u00f6sungen, Entr\u00fcmpelung, Abbrucharbeiten, Bauschutt, Altholz, Papier\/Pappe\/Kartonagen, Bodenaushub, Gartenabfall, Altmetall usw.<\/p>\n","protected":false},"author":5,"featured_media":600,"parent":0,"menu_order":0,"comment_status":"closed","ping_status":"closed","template":"","meta":{"footnotes":""},"class_list":["post-449","page","type-page","status-publish","has-post-thumbnail","hentry"],"_links":{"self":[{"href":"https:\/\/freudenberger-containerdienst.de\/index.php\/wp-json\/wp\/v2\/pages\/449","targetHints":{"allow":["GET"]}}],"collection":[{"href":"https:\/\/freudenberger-containerdienst.de\/index.php\/wp-json\/wp\/v2\/pages"}],"about":[{"href":"https:\/\/freudenberger-containerdienst.de\/index.php\/wp-json\/wp\/v2\/types\/page"}],"author":[{"embeddable":true,"href":"https:\/\/freudenberger-containerdienst.de\/index.php\/wp-json\/wp\/v2\/users\/5"}],"replies":[{"embeddable":true,"href":"https:\/\/freudenberger-containerdienst.de\/index.php\/wp-json\/wp\/v2\/comments?post=449"}],"version-history":[{"count":41,"href":"https:\/\/freudenberger-containerdienst.de\/index.php\/wp-json\/wp\/v2\/pages\/449\/revisions"}],"predecessor-version":[{"id":647,"href":"https:\/\/freudenberger-containerdienst.de\/index.php\/wp-json\/wp\/v2\/pages\/449\/revisions\/647"}],"wp:featuredmedia":[{"embeddable":true,"href":"https:\/\/freudenberger-containerdienst.de\/index.php\/wp-json\/wp\/v2\/media\/600"}],"wp:attachment":[{"href":"https:\/\/freudenberger-containerdienst.de\/index.php\/wp-json\/wp\/v2\/media?parent=449"}],"curies":[{"name":"wp","href":"https:\/\/api.w.org\/{rel}","templated":true}]}}